{"id":117,"date":"2022-08-14T14:20:15","date_gmt":"2022-08-14T12:20:15","guid":{"rendered":"https:\/\/taidetehtaansaatio.fi\/?page_id=117"},"modified":"2025-09-22T16:33:39","modified_gmt":"2025-09-22T14:33:39","slug":"porvoon-taidetehtaan-saatio-2","status":"publish","type":"page","link":"https:\/\/taidetehtaansaatio.fi\/","title":{"rendered":"Porvoon Taidetehtaan s\u00e4\u00e4ti\u00f6"},"content":{"rendered":"\t\t<div data-elementor-type=\"wp-page\" data-elementor-id=\"117\" class=\"elementor elementor-117\" data-elementor-post-type=\"page\">\n\t\t\t\t\t\t<section class=\"elementor-section elementor-top-section elementor-element elementor-element-f340092 elementor-section-boxed elementor-section-height-default elementor-section-height-default\" data-id=\"f340092\" data-element_type=\"section\">\n\t\t\t\t\t\t<div class=\"elementor-container elementor-column-gap-default\">\n\t\t\t\t\t<div class=\"elementor-column elementor-col-100 elementor-top-column elementor-element elementor-element-8f2d729\" data-id=\"8f2d729\" data-element_type=\"column\">\n\t\t\t<div class=\"elementor-widget-wrap elementor-element-populated\">\n\t\t\t\t\t\t<section class=\"elementor-section elementor-inner-section elementor-element elementor-element-6df53b7 elementor-section-boxed elementor-section-height-default elementor-section-height-default\" data-id=\"6df53b7\" data-element_type=\"section\">\n\t\t\t\t\t\t<div class=\"elementor-container elementor-column-gap-default\">\n\t\t\t\t\t<div class=\"elementor-column elementor-col-50 elementor-inner-column elementor-element elementor-element-140f45c\" data-id=\"140f45c\" data-element_type=\"column\">\n\t\t\t<div class=\"elementor-widget-wrap elementor-element-populated\">\n\t\t\t\t\t\t<div class=\"elementor-element elementor-element-c14e9ab elementor-widget-tablet__width-initial elementor-widget elementor-widget-text-editor\" data-id=\"c14e9ab\" data-element_type=\"widget\" data-widget_type=\"text-editor.default\">\n\t\t\t\t<div class=\"elementor-widget-container\">\n\t\t\t\t\t\t\t\t\t<p>\u00a0<strong>PORVOON TAIDETEHTAAN S\u00c4\u00c4TI\u00d6\u00a0<\/strong><\/p><p><strong>STIFTELSEN F\u00d6R KONSTFABRIKEN I BORG\u00c5<\/strong><\/p>\t\t\t\t\t\t\t\t<\/div>\n\t\t\t\t<\/div>\n\t\t\t\t\t<\/div>\n\t\t<\/div>\n\t\t\t\t<div class=\"elementor-column elementor-col-50 elementor-inner-column elementor-element elementor-element-d5e77fc\" data-id=\"d5e77fc\" data-element_type=\"column\">\n\t\t\t<div class=\"elementor-widget-wrap elementor-element-populated\">\n\t\t\t\t\t\t<div class=\"elementor-element elementor-element-875761a elementor-widget elementor-widget-image\" data-id=\"875761a\" data-element_type=\"widget\" data-widget_type=\"image.default\">\n\t\t\t\t<div class=\"elementor-widget-container\">\n\t\t\t\t\t\t\t\t\t\t\t\t\t\t\t<img fetchpriority=\"high\" decoding=\"async\" width=\"800\" height=\"534\" src=\"https:\/\/taidetehtaansaatio.fi\/wp-content\/uploads\/2025\/09\/taidetehdas_14-1024x683.jpg\" class=\"attachment-large size-large wp-image-519\" alt=\"\" srcset=\"https:\/\/taidetehtaansaatio.fi\/wp-content\/uploads\/2025\/09\/taidetehdas_14-1024x683.jpg 1024w, https:\/\/taidetehtaansaatio.fi\/wp-content\/uploads\/2025\/09\/taidetehdas_14-300x200.jpg 300w, https:\/\/taidetehtaansaatio.fi\/wp-content\/uploads\/2025\/09\/taidetehdas_14-768x512.jpg 768w, https:\/\/taidetehtaansaatio.fi\/wp-content\/uploads\/2025\/09\/taidetehdas_14-1536x1024.jpg 1536w, https:\/\/taidetehtaansaatio.fi\/wp-content\/uploads\/2025\/09\/taidetehdas_14.jpg 2048w\" sizes=\"(max-width: 800px) 100vw, 800px\" \/>\t\t\t\t\t\t\t\t\t\t\t\t\t\t\t<\/div>\n\t\t\t\t<\/div>\n\t\t\t\t\t<\/div>\n\t\t<\/div>\n\t\t\t\t\t<\/div>\n\t\t<\/section>\n\t\t\t\t\t<\/div>\n\t\t<\/div>\n\t\t\t\t\t<\/div>\n\t\t<\/section>\n\t\t\t\t<section class=\"elementor-section elementor-top-section elementor-element elementor-element-f416f83 elementor-section-boxed elementor-section-height-default elementor-section-height-default\" data-id=\"f416f83\" data-element_type=\"section\">\n\t\t\t\t\t\t<div class=\"elementor-container elementor-column-gap-default\">\n\t\t\t\t\t<div class=\"elementor-column elementor-col-100 elementor-top-column elementor-element elementor-element-38f7636\" data-id=\"38f7636\" data-element_type=\"column\">\n\t\t\t<div class=\"elementor-widget-wrap elementor-element-populated\">\n\t\t\t\t\t\t<div class=\"elementor-element elementor-element-5ab371b elementor-widget elementor-widget-text-editor\" data-id=\"5ab371b\" data-element_type=\"widget\" data-widget_type=\"text-editor.default\">\n\t\t\t\t<div class=\"elementor-widget-container\">\n\t\t\t\t\t\t\t\t\t<p>Porvoon Taidetehtaan s\u00e4\u00e4ti\u00f6 perustettiin 1999 hallinnoimaan Taidetehtaan kiinteist\u00f6n k\u00e4ytt\u00f6\u00e4, peruskorjausta ja kunnossapitoa sek\u00e4 kehitt\u00e4m\u00e4\u00e4n Taidetehtaan toimintaa.<br \/>S\u00e4\u00e4ti\u00f6n hallitus p\u00e4\u00e4tti muuttaa s\u00e4\u00e4nt\u00f6j\u00e4 vastaamaan toimintaa.<br \/>S\u00e4\u00e4nt\u00f6jen mukaan s\u00e4\u00e4ti\u00f6n tarkoitus on kuttuuritoiminnan kehitt\u00e4minen Porvoon seudun taitelijoita, asukkaita ja matkailijoita palvelevassa kulttuurikeskuksessa, Porvoon Taidetehtaalla.<\/p><p>S\u00e4\u00e4ti\u00f6n teht\u00e4v\u00e4 on monipuolisten kulttuuritapahtumien sek\u00e4 niiden rahoituksen turvaaminen Taidetehtaalla sek\u00e4 kulttuurialan kontakti- ja yhteisty\u00f6verkoston luominen ja yll\u00e4pit\u00e4minen.<\/p><p><span style=\"font-size: 12.0pt; font-family: 'Calibri',sans-serif; mso-fareast-font-family: 'Times New Roman'; mso-bidi-font-family: 'Times New Roman'; mso-ansi-language: FI; mso-fareast-language: FI; mso-bidi-language: AR-SA;\"><br \/><\/span><br \/><b>S\u00e4\u00e4ti\u00f6n hallituksen kokoonpano<\/b>:<\/p><p>puheenjohtaja Markku V\u00e4lim\u00e4ki, ent. siv.johtaja<br \/>varapuheenjohtaja Felix von Willebrand, musiikkineuvos<br \/>hallituksen j\u00e4sen Leena H\u00e4kkinen, dokumenttiohjaaja\/ \u00e4\u00e4nitaitelija<br \/>hallituksen j\u00e4sen Heini Korpelainen, arkkitehti<br \/>hallituksen j\u00e4sen Antti Manninen, kulttuuritalon johtaja<br \/>hallituksen j\u00e4sen Katariina H\u00e4gglund, business developer<br \/>asiamies Marika Kettunen, tuottaja<\/p>\t\t\t\t\t\t\t\t<\/div>\n\t\t\t\t<\/div>\n\t\t\t\t\t<\/div>\n\t\t<\/div>\n\t\t\t\t\t<\/div>\n\t\t<\/section>\n\t\t\t\t<\/div>\n\t\t","protected":false},"excerpt":{"rendered":"<p>\u00a0PORVOON TAIDETEHTAAN S\u00c4\u00c4TI\u00d6\u00a0 STIFTELSEN F\u00d6R KONSTFABRIKEN I BORG\u00c5 Porvoon Taidetehtaan s\u00e4\u00e4ti\u00f6 perustettiin 1999 hallinnoimaan Taidetehtaan kiinteist\u00f6n k\u00e4ytt\u00f6\u00e4, peruskorjausta ja kunnossapitoa sek\u00e4 kehitt\u00e4m\u00e4\u00e4n Taidetehtaan toimintaa.S\u00e4\u00e4ti\u00f6n hallitus p\u00e4\u00e4tti muuttaa s\u00e4\u00e4nt\u00f6j\u00e4 vastaamaan toimintaa.S\u00e4\u00e4nt\u00f6jen mukaan s\u00e4\u00e4ti\u00f6n tarkoitus on kuttuuritoiminnan kehitt\u00e4minen Porvoon seudun taitelijoita, asukkaita ja matkailijoita palvelevassa kulttuurikeskuksessa, Porvoon Taidetehtaalla. S\u00e4\u00e4ti\u00f6n teht\u00e4v\u00e4 on monipuolisten kulttuuritapahtumien sek\u00e4 niiden rahoituksen turvaaminen [&hellip;]<\/p>\n","protected":false},"author":2,"featured_media":0,"parent":0,"menu_order":0,"comment_status":"closed","ping_status":"closed","template":"elementor_header_footer","meta":{"footnotes":""},"class_list":["post-117","page","type-page","status-publish","hentry"],"yoast_head":"<!-- This site is optimized with the Yoast SEO plugin v25.9 - https:\/\/yoast.com\/wordpress\/plugins\/seo\/ -->\n<title>Porvoon Taidetehtaan s\u00e4\u00e4ti\u00f6 - Taidetehtaan saatio<\/title>\n<meta name=\"robots\" content=\"index, follow, max-snippet:-1, max-image-preview:large, max-video-preview:-1\" \/>\n<link rel=\"canonical\" href=\"https:\/\/taidetehtaansaatio.fi\/\" \/>\n<meta property=\"og:locale\" content=\"fi_FI\" \/>\n<meta property=\"og:type\" content=\"article\" \/>\n<meta property=\"og:title\" content=\"Porvoon Taidetehtaan s\u00e4\u00e4ti\u00f6 - Taidetehtaan saatio\" \/>\n<meta property=\"og:description\" content=\"\u00a0PORVOON TAIDETEHTAAN S\u00c4\u00c4TI\u00d6\u00a0 STIFTELSEN F\u00d6R KONSTFABRIKEN I BORG\u00c5 Porvoon Taidetehtaan s\u00e4\u00e4ti\u00f6 perustettiin 1999 hallinnoimaan Taidetehtaan kiinteist\u00f6n k\u00e4ytt\u00f6\u00e4, peruskorjausta ja kunnossapitoa sek\u00e4 kehitt\u00e4m\u00e4\u00e4n Taidetehtaan toimintaa.S\u00e4\u00e4ti\u00f6n hallitus p\u00e4\u00e4tti muuttaa s\u00e4\u00e4nt\u00f6j\u00e4 vastaamaan toimintaa.S\u00e4\u00e4nt\u00f6jen mukaan s\u00e4\u00e4ti\u00f6n tarkoitus on kuttuuritoiminnan kehitt\u00e4minen Porvoon seudun taitelijoita, asukkaita ja matkailijoita palvelevassa kulttuurikeskuksessa, Porvoon Taidetehtaalla. S\u00e4\u00e4ti\u00f6n teht\u00e4v\u00e4 on monipuolisten kulttuuritapahtumien sek\u00e4 niiden rahoituksen turvaaminen [&hellip;]\" \/>\n<meta property=\"og:url\" content=\"https:\/\/taidetehtaansaatio.fi\/\" \/>\n<meta property=\"og:site_name\" content=\"Taidetehtaan saatio\" \/>\n<meta property=\"article:modified_time\" content=\"2025-09-22T14:33:39+00:00\" \/>\n<meta property=\"og:image\" content=\"https:\/\/taidetehtaansaatio.fi\/wp-content\/uploads\/2025\/09\/taidetehdas_14.jpg\" \/>\n\t<meta property=\"og:image:width\" content=\"2048\" \/>\n\t<meta property=\"og:image:height\" content=\"1365\" \/>\n\t<meta property=\"og:image:type\" content=\"image\/jpeg\" \/>\n<meta name=\"twitter:card\" content=\"summary_large_image\" \/>\n<meta name=\"twitter:label1\" content=\"Arvioitu lukuaika\" \/>\n\t<meta name=\"twitter:data1\" content=\"1 minuutti\" \/>\n<script type=\"application\/ld+json\" class=\"yoast-schema-graph\">{\"@context\":\"https:\/\/schema.org\",\"@graph\":[{\"@type\":\"WebPage\",\"@id\":\"https:\/\/taidetehtaansaatio.fi\/\",\"url\":\"https:\/\/taidetehtaansaatio.fi\/\",\"name\":\"Porvoon Taidetehtaan s\u00e4\u00e4ti\u00f6 - Taidetehtaan saatio\",\"isPartOf\":{\"@id\":\"https:\/\/taidetehtaansaatio.fi\/#website\"},\"primaryImageOfPage\":{\"@id\":\"https:\/\/taidetehtaansaatio.fi\/#primaryimage\"},\"image\":{\"@id\":\"https:\/\/taidetehtaansaatio.fi\/#primaryimage\"},\"thumbnailUrl\":\"https:\/\/taidetehtaansaatio.fi\/wp-content\/uploads\/2025\/09\/taidetehdas_14-1024x683.jpg\",\"datePublished\":\"2022-08-14T12:20:15+00:00\",\"dateModified\":\"2025-09-22T14:33:39+00:00\",\"breadcrumb\":{\"@id\":\"https:\/\/taidetehtaansaatio.fi\/#breadcrumb\"},\"inLanguage\":\"fi\",\"potentialAction\":[{\"@type\":\"ReadAction\",\"target\":[\"https:\/\/taidetehtaansaatio.fi\/\"]}]},{\"@type\":\"ImageObject\",\"inLanguage\":\"fi\",\"@id\":\"https:\/\/taidetehtaansaatio.fi\/#primaryimage\",\"url\":\"https:\/\/taidetehtaansaatio.fi\/wp-content\/uploads\/2025\/09\/taidetehdas_14.jpg\",\"contentUrl\":\"https:\/\/taidetehtaansaatio.fi\/wp-content\/uploads\/2025\/09\/taidetehdas_14.jpg\",\"width\":2048,\"height\":1365},{\"@type\":\"BreadcrumbList\",\"@id\":\"https:\/\/taidetehtaansaatio.fi\/#breadcrumb\",\"itemListElement\":[{\"@type\":\"ListItem\",\"position\":1,\"name\":\"Etusivu\",\"item\":\"https:\/\/taidetehtaansaatio.fi\/\"},{\"@type\":\"ListItem\",\"position\":2,\"name\":\"Porvoon Taidetehtaan s\u00e4\u00e4ti\u00f6\"}]},{\"@type\":\"WebSite\",\"@id\":\"https:\/\/taidetehtaansaatio.fi\/#website\",\"url\":\"https:\/\/taidetehtaansaatio.fi\/\",\"name\":\"Taidetehtaan saatio\",\"description\":\"\",\"potentialAction\":[{\"@type\":\"SearchAction\",\"target\":{\"@type\":\"EntryPoint\",\"urlTemplate\":\"https:\/\/taidetehtaansaatio.fi\/?s={search_term_string}\"},\"query-input\":{\"@type\":\"PropertyValueSpecification\",\"valueRequired\":true,\"valueName\":\"search_term_string\"}}],\"inLanguage\":\"fi\"}]}<\/script>\n<!-- \/ Yoast SEO plugin. -->","yoast_head_json":{"title":"Porvoon Taidetehtaan s\u00e4\u00e4ti\u00f6 - Taidetehtaan saatio","robots":{"index":"index","follow":"follow","max-snippet":"max-snippet:-1","max-image-preview":"max-image-preview:large","max-video-preview":"max-video-preview:-1"},"canonical":"https:\/\/taidetehtaansaatio.fi\/","og_locale":"fi_FI","og_type":"article","og_title":"Porvoon Taidetehtaan s\u00e4\u00e4ti\u00f6 - Taidetehtaan saatio","og_description":"\u00a0PORVOON TAIDETEHTAAN S\u00c4\u00c4TI\u00d6\u00a0 STIFTELSEN F\u00d6R KONSTFABRIKEN I BORG\u00c5 Porvoon Taidetehtaan s\u00e4\u00e4ti\u00f6 perustettiin 1999 hallinnoimaan Taidetehtaan kiinteist\u00f6n k\u00e4ytt\u00f6\u00e4, peruskorjausta ja kunnossapitoa sek\u00e4 kehitt\u00e4m\u00e4\u00e4n Taidetehtaan toimintaa.S\u00e4\u00e4ti\u00f6n hallitus p\u00e4\u00e4tti muuttaa s\u00e4\u00e4nt\u00f6j\u00e4 vastaamaan toimintaa.S\u00e4\u00e4nt\u00f6jen mukaan s\u00e4\u00e4ti\u00f6n tarkoitus on kuttuuritoiminnan kehitt\u00e4minen Porvoon seudun taitelijoita, asukkaita ja matkailijoita palvelevassa kulttuurikeskuksessa, Porvoon Taidetehtaalla. S\u00e4\u00e4ti\u00f6n teht\u00e4v\u00e4 on monipuolisten kulttuuritapahtumien sek\u00e4 niiden rahoituksen turvaaminen [&hellip;]","og_url":"https:\/\/taidetehtaansaatio.fi\/","og_site_name":"Taidetehtaan saatio","article_modified_time":"2025-09-22T14:33:39+00:00","og_image":[{"width":2048,"height":1365,"url":"https:\/\/taidetehtaansaatio.fi\/wp-content\/uploads\/2025\/09\/taidetehdas_14.jpg","type":"image\/jpeg"}],"twitter_card":"summary_large_image","twitter_misc":{"Arvioitu lukuaika":"1 minuutti"},"schema":{"@context":"https:\/\/schema.org","@graph":[{"@type":"WebPage","@id":"https:\/\/taidetehtaansaatio.fi\/","url":"https:\/\/taidetehtaansaatio.fi\/","name":"Porvoon Taidetehtaan s\u00e4\u00e4ti\u00f6 - Taidetehtaan saatio","isPartOf":{"@id":"https:\/\/taidetehtaansaatio.fi\/#website"},"primaryImageOfPage":{"@id":"https:\/\/taidetehtaansaatio.fi\/#primaryimage"},"image":{"@id":"https:\/\/taidetehtaansaatio.fi\/#primaryimage"},"thumbnailUrl":"https:\/\/taidetehtaansaatio.fi\/wp-content\/uploads\/2025\/09\/taidetehdas_14-1024x683.jpg","datePublished":"2022-08-14T12:20:15+00:00","dateModified":"2025-09-22T14:33:39+00:00","breadcrumb":{"@id":"https:\/\/taidetehtaansaatio.fi\/#breadcrumb"},"inLanguage":"fi","potentialAction":[{"@type":"ReadAction","target":["https:\/\/taidetehtaansaatio.fi\/"]}]},{"@type":"ImageObject","inLanguage":"fi","@id":"https:\/\/taidetehtaansaatio.fi\/#primaryimage","url":"https:\/\/taidetehtaansaatio.fi\/wp-content\/uploads\/2025\/09\/taidetehdas_14.jpg","contentUrl":"https:\/\/taidetehtaansaatio.fi\/wp-content\/uploads\/2025\/09\/taidetehdas_14.jpg","width":2048,"height":1365},{"@type":"BreadcrumbList","@id":"https:\/\/taidetehtaansaatio.fi\/#breadcrumb","itemListElement":[{"@type":"ListItem","position":1,"name":"Etusivu","item":"https:\/\/taidetehtaansaatio.fi\/"},{"@type":"ListItem","position":2,"name":"Porvoon Taidetehtaan s\u00e4\u00e4ti\u00f6"}]},{"@type":"WebSite","@id":"https:\/\/taidetehtaansaatio.fi\/#website","url":"https:\/\/taidetehtaansaatio.fi\/","name":"Taidetehtaan saatio","description":"","potentialAction":[{"@type":"SearchAction","target":{"@type":"EntryPoint","urlTemplate":"https:\/\/taidetehtaansaatio.fi\/?s={search_term_string}"},"query-input":{"@type":"PropertyValueSpecification","valueRequired":true,"valueName":"search_term_string"}}],"inLanguage":"fi"}]}},"_links":{"self":[{"href":"https:\/\/taidetehtaansaatio.fi\/index.php\/wp-json\/wp\/v2\/pages\/117","targetHints":{"allow":["GET"]}}],"collection":[{"href":"https:\/\/taidetehtaansaatio.fi\/index.php\/wp-json\/wp\/v2\/pages"}],"about":[{"href":"https:\/\/taidetehtaansaatio.fi\/index.php\/wp-json\/wp\/v2\/types\/page"}],"author":[{"embeddable":true,"href":"https:\/\/taidetehtaansaatio.fi\/index.php\/wp-json\/wp\/v2\/users\/2"}],"replies":[{"embeddable":true,"href":"https:\/\/taidetehtaansaatio.fi\/index.php\/wp-json\/wp\/v2\/comments?post=117"}],"version-history":[{"count":117,"href":"https:\/\/taidetehtaansaatio.fi\/index.php\/wp-json\/wp\/v2\/pages\/117\/revisions"}],"predecessor-version":[{"id":552,"href":"https:\/\/taidetehtaansaatio.fi\/index.php\/wp-json\/wp\/v2\/pages\/117\/revisions\/552"}],"wp:attachment":[{"href":"https:\/\/taidetehtaansaatio.fi\/index.php\/wp-json\/wp\/v2\/media?parent=117"}],"curies":[{"name":"wp","href":"https:\/\/api.w.org\/{rel}","templated":true}]}}